{"id":297,"date":"2018-07-20T00:34:08","date_gmt":"2018-07-19T22:34:08","guid":{"rendered":"http:\/\/www.sondereinsatz.com\/feuerwehr-rettungsdienst\/?page_id=297"},"modified":"2018-07-20T00:34:08","modified_gmt":"2018-07-19T22:34:08","slug":"datenschutz","status":"publish","type":"page","link":"http:\/\/www.sondereinsatz.com\/feuerwehr-rettungsdienst\/datenschutz\/","title":{"rendered":"Datenschutz"},"content":{"rendered":"<div id=\"content-620\" class=\"postcontent\">\n<p>Das Webhosting \u00fcbernimmt die Firma<\/p>\n<p>ALL-INKL.COM \u2013 Neue Medien M\u00fcnnich<br \/>\nInhaber: Ren\u00e9 M\u00fcnnich<br \/>\nHauptstra\u00dfe 68 | D-02742 Friedersdorf<\/p>\n<p>Es wurde ein Auftragsverarbeitungsvertrag entsprechend der DSGVO abgeschlossen. Serverseitig betr\u00e4gt die Speicherdauer f\u00fcr IPs durch die Firma ALL-INKL.com 7 Tage.<br \/>\nBackups werden 4 Wochen aufbewahrt.<\/p>\n<p>Datenschutzerkl\u00e4rung der <a href=\"https:\/\/all-inkl.com\/info\/datenschutzinformationen\/\" target=\"_blank\" rel=\"noopener\">Firma All-Inkl.com &gt;&gt;<\/a><\/p>\n<p><strong>Logfiles<\/strong><\/p>\n<p>F\u00fcr die Logfiles und Statistiken der Webseite wird ihre IP-Adresse gek\u00fcrzt. Das bedeute es ist keine Zuordnung zu einer Person m\u00f6glich und die Daten sind nicht relevant f\u00fcr die DSGVO.<\/p>\n<p>Die Webseite sieht nicht vor, dass sich Benutzer einen Account anlegen oder einloggen. Wird dennoch ein Einloggversuch unternommen, muss davon ausgegangen werden, dass es sich um einen Hackangriff handelt. Von fehlgeschlagenen Loginversuchen wird die IP-Adresse gespeichert und gegebenenfalls blockiert (berechtigtes Interesse).<\/p>\n<p><strong>Interaktive M\u00f6glichkeiten (Forum, Kommentare)<\/strong><\/p>\n<p>Derzeit ist es nicht vorgesehen, dass User sich registrieren, Kommentare erstellen, Forenbeitr\u00e4ge posten oder \u00e4hnliches.<\/p>\n<p><strong>Cookies<\/strong><\/p>\n<p>Diese Webseite verwendet keine Cookies.<\/p>\n<p><strong>Datenweitergabe<\/strong><\/p>\n<p>Es ist nicht vorgesehen, dass pers\u00f6nliche Daten \u00fcber die Webseite gesammelt und weitergegeben werden.<\/p>\n<p><strong>eMails<\/strong><\/p>\n<p>Wenn Sie eine eMails senden, wird diese bis zur vollst\u00e4ndigen Bearbeitung gespeichert. Zur Beweissicherung (z.B. Urheberrecht, Nachweis von Einverst\u00e4ndnissen, Rechtsstreitigkeit und \u00e4hnliches) k\u00f6nnen die Daten auch l\u00e4nger gespeichert werden.<\/p>\n<\/div>\n","protected":false},"excerpt":{"rendered":"<p>Das Webhosting \u00fcbernimmt die Firma ALL-INKL.COM \u2013 Neue Medien M\u00fcnnich Inhaber: Ren\u00e9 M\u00fcnnich Hauptstra\u00dfe 68 | D-02742 Friedersdorf Es wurde ein Auftragsverarbeitungsvertrag entsprechend der DSGVO abgeschlossen. Serverseitig betr\u00e4gt die Speicherdauer f\u00fcr IPs durch die Firma ALL-INKL.com 7 Tage. Backups werden 4 Wochen aufbewahrt. Datenschutzerkl\u00e4rung der Firma All-Inkl.com &gt;&gt; Logfiles F\u00fcr die Logfiles und Statistiken der [&hellip;]<\/p>\n","protected":false},"author":1,"featured_media":0,"parent":0,"menu_order":0,"comment_status":"closed","ping_status":"closed","template":"","meta":[],"_links":{"self":[{"href":"http:\/\/www.sondereinsatz.com\/feuerwehr-rettungsdienst\/wp-json\/wp\/v2\/pages\/297"}],"collection":[{"href":"http:\/\/www.sondereinsatz.com\/feuerwehr-rettungsdienst\/wp-json\/wp\/v2\/pages"}],"about":[{"href":"http:\/\/www.sondereinsatz.com\/feuerwehr-rettungsdienst\/wp-json\/wp\/v2\/types\/page"}],"author":[{"embeddable":true,"href":"http:\/\/www.sondereinsatz.com\/feuerwehr-rettungsdienst\/wp-json\/wp\/v2\/users\/1"}],"replies":[{"embeddable":true,"href":"http:\/\/www.sondereinsatz.com\/feuerwehr-rettungsdienst\/wp-json\/wp\/v2\/comments?post=297"}],"version-history":[{"count":1,"href":"http:\/\/www.sondereinsatz.com\/feuerwehr-rettungsdienst\/wp-json\/wp\/v2\/pages\/297\/revisions"}],"predecessor-version":[{"id":298,"href":"http:\/\/www.sondereinsatz.com\/feuerwehr-rettungsdienst\/wp-json\/wp\/v2\/pages\/297\/revisions\/298"}],"wp:attachment":[{"href":"http:\/\/www.sondereinsatz.com\/feuerwehr-rettungsdienst\/wp-json\/wp\/v2\/media?parent=297"}],"curies":[{"name":"wp","href":"https:\/\/api.w.org\/{rel}","templated":true}]}}