{"id":8,"date":"2013-02-17T19:24:29","date_gmt":"2013-02-17T17:24:29","guid":{"rendered":"http:\/\/www.sondereinsatz.com\/feuerwehr-rettungsdienst\/?page_id=8"},"modified":"2013-02-20T21:13:43","modified_gmt":"2013-02-20T19:13:43","slug":"impressum","status":"publish","type":"page","link":"http:\/\/www.sondereinsatz.com\/feuerwehr-rettungsdienst\/impressum\/","title":{"rendered":"Impressum"},"content":{"rendered":"<p>Betreiber und f\u00fcr den Inhalt verantwortlich:<br \/>\nFriedrich Saurer<br \/>\nGrillparzerstra\u00dfe 22<br \/>\nA-8230 Hartberg<br \/>\nwebmaster [at] sondereinsatz.com<\/p>\n<p><a href=\"http:\/\/firmena-z.wko.at\/ecg.asp?MGID=7D5B55DF71E0E78BA8117F43C222E100\" target=\"_blank\"><img loading=\"lazy\" class=\"alignnone size-full wp-image-9\" alt=\"ecg\" src=\"http:\/\/www.sondereinsatz.com\/feuerwehr-rettungsdienst\/wp-content\/uploads\/2013\/02\/ecg.gif\" width=\"169\" height=\"23\" \/><\/a><br \/>\n<a href=\"http:\/\/www.disclaimer.de\/disclaimer.htm?farbe=FFFFFF\/000000\/000000\/000000\" target=\"_blank\">Haftungsausschluss &gt;&gt; <\/a><\/p>\n<p><strong>Nutzungsbedingungen<\/strong><\/p>\n<p>Haftung<br \/>\nDie Betreiber und Autoren \u00fcbernehmen keinerlei Haftung f\u00fcr die Richtigkeit der Inhalte. Das korrekte Funktionieren der angebotenen Software und Downloads auf allen Systemen und Systemkonfigurationen. Der Download, die Installation und das Ben\u00fctzen von Software, Informationen usw. erfolgt auf Risiko und Gefahr des Anwenders. Informationen, Berechnungsergebnisse usw. m\u00fcssen vor der Verwendung anhand weitere Quellen gepr\u00fcft werden.<\/p>\n<p>Die Redaktion ist nicht verantwortlich f\u00fcr die Aktualit\u00e4t, Richtigkeit und Vollst\u00e4ndigkeit der Inhalte und Informationen. Die Redaktion ist nicht verantwortlich f\u00fcr die Aktualit\u00e4t, Richtigkeit und Vollst\u00e4ndigkeit der Inhalte und Informationen von anderen Webseiten, die auf direkten oder indirekten digitalen Verbindungen (&#8222;Links&#8220;) erreicht werden.<\/p>\n<p>Urheberrecht<br \/>\nAlle Inhalte (Text, Software, Fotos, Grafiken, Illustrationen, Downloads usw.) sind urheberrechtlich gesch\u00fctzt und wurden von den Betreibern erstellt bzw. lizenziert. Eine Nutzung oder Verwendung au\u00dferhalb dieser Webseite ist nur mit Zustimmung der Betreiber gestattet (Ausnahmen: siehe unten).<br \/>\nBei Screenshots\/Logos die im Rahmen der Berichterstattung \u00fcber Webseiten verwendet werden liegt das Urheberrecht bei den entsprechenden Seitenbetreibern.<\/p>\n<p>Markennamen<br \/>\nMarkennamen werden nicht immer als solche gekennzeichnet. Aus dem Fehlen der Kennzeichnung kann nicht auf die freie Verwendbarkeit des Markennamens geschlossen werden.<\/p>\n<p>Usernamen<br \/>\nBei der Anmeldung w\u00e4hlt der Benutzer einen Usernamen. Es ist nicht gestattet Usernamen von Produkten, Firmen, gesch\u00fctzten Marken und \u00e4hnlichem zu Verwenden. Wird vom User ein gesch\u00fctzter Name gew\u00e4hlt so hat er im Falle eines Rechtsstreites die Folgen zu Tragen und muss die Betreiber von SonderEinsatz.com schadfrei halten!<\/p>\n<p>Newsletter<br \/>\nMit der Anmeldung erkl\u00e4rt sich der Nutzer einverstanden in unregelm\u00e4\u00dfigen Abst\u00e4nden \u00fcber Neuigkeiten informiert zu werden.<\/p>\n<p>Lizenzbestimmungen f\u00fcr Fotos und Cliparts (im Album): (gilt nicht f\u00fcr die Fotos und Cliparts bei den Artikeln!) Cliparts \/ Fotos \/ Movie-Clips: Die auf diesen Seiten zum Download angebotenen Fotos d\u00fcrfen unter folgenden Bedingungen verwendet werden:<br \/>\n\u2022 Beim Bild bzw. im Abbildungsverzeichnis mu\u00df ein Hinweis auf die Quelle angegeben werden (z.B.: &#8222;Bild: <a href=\"http:\/\/www.SonderEinsatz.com\">www.SonderEinsatz.com<\/a>&#8222;), bei Web-Projekten mu\u00df der Link aktiv sein.<br \/>\n\u2022 Bei der Verwendung in gedruckten Werken oder auf CD-Roms erwarten wir uns jeweils zwei Belegexemplare<br \/>\n\u2022 Die Bilder\/Cliparts d\u00fcrfen nicht im Zusammenhang mit pornographischen, rassistischen, rechtsradikalen Inhalten oder Inhalten die gegen ein Gesetz versto\u00dfen verwendet werden!<br \/>\n\u2022 Die Bilder d\u00fcrfen nicht in Sammlungen einverleibt werden oder in sonstiger Weise zum Download oder zur Weitergabe angeboten werden (Sie k\u00f6nnen die Bilder\/Clips f\u00fcr ein solches Projekt lizenzieren.)<br \/>\n\u2022 Die Fotos d\u00fcrfen auch nicht in einer Form verwendet werden, die eine rufsch\u00e4digende Wirkung hat (z.B. auf das abgebildetet Objekt, eine Firma, Verein oder Organisation, Person, &#8230;)<br \/>\n\u2022 Bei Abbildungen von Personen, Produkten, Geb\u00e4uden, Organisationen m\u00fcssen Sie erst den die Person, den Hersteller oder Besitzer fragen ob Sie die Fotos f\u00fcr alle Zwecke (z.B. Werbung) verwenden d\u00fcrfen.<br \/>\n\u2022 Eine sinnverzerrende Manipulation (Fotomontage) ist nicht gestattet.<br \/>\n\u2022 Bei Fragen wenden Sie sich an: info\u00a0[at] saurer.org<\/p>\n<p>Software\/Ausbildungsfolien:<br \/>\nDie Software\/Ausbildungfolien d\u00fcrfen zum pers\u00f6nlichen Gebrauch heruntergeladen werden. Wir \u00fcbernehmen keine Haftung f\u00fcr das funktionieren auf allen Computern und Softwarekonfigurationen die Richtigkeit der Informationen und Berechungsergebnisse, bitte informieren Sie sich anhand weiterer Quellen. Sie d\u00fcrfen die Software, Folien,&#8230; nicht weitergeben oder zum Download anbieten. Bildermaterial (Fotos, Cliparts, Illustrationen), Animationen und \u00e4hnliches welches in den Ausbildungsunterlagen enthalten ist darf nicht extrahiert und anderweitig verwendet werden!<br \/>\nBei Fragen wenden Sie sich an: info [at] saurer.org<\/p>\n<p>Infos\/Artikel:<br \/>\nDie Infos\/Artikel dienen zur pers\u00f6nlichen Information und d\u00fcrfen nicht in andere Webseiten, CD-Roms oder \u00e4hnliches \u00fcbernommen werden. Wir \u00fcbernehmen keine Haftung f\u00fcr die Richtigkeit der Informationen, bitte informieren Sie sich anhand weiterer Quellen. Bildmaterial, Animationen und \u00e4hnliches bei den Informationen und Artikeln d\u00fcrfen nicht extrahiert und anderweitig verwendet werden.<\/p>\n<p>Cartoons:<br \/>\nSani &amp; Doc ist eine gesch\u00fctzte Marke von Mag. Gerhard Saurer. Die Cartoons dienen zur pers\u00f6nlichen Unterhaltung und d\u00fcrfen nicht weitergegeben oder in andere Seiten und Medien integriert werden! Bei Fragen wenden Sie sich an: info [at] saurer.org<br \/>\nGerne k\u00f6nne sie die Cartoons f\u00fcr ihr Projekt lizenzieren.<\/p>\n<p>Diskussion, Forum, G\u00e4stebuch, Kommentare<br \/>\nDie Beitr\u00e4ge im Forum, G\u00e4stebuch, Kommentare gibt die Meinung der jeweiligen Autoren wieder und muss sich nicht mit der Meinung der Betreiber von SonderEinsatz.com decken. Es ist nicht gestattet Inhalte zu schreiben die gegen Gesetze (z.B. Urheberrechtsgesetzt) oder die guten Sitten versto\u00dfen zu schreiben. Der Autor haftet f\u00fcr die Inhalte und muss im Fall eines Rechtsstreites die Folgen tragen und die Betreiber von SonderEinsatz.com schadfrei halten. Der Autor gew\u00e4hrt den Betreibern ein nichtexklusves, kostenloses Nutzungsrecht an den \u00fcbermittelten Beitr\u00e4gen.<br \/>\nUnpassende Kommentare \/ Beitr\u00e4ge k\u00f6nne vom Betreiber kommentarlos gel\u00f6scht werden.<\/p>\n<p>Verf\u00fcgbarkeit: Die Betreiber \u00fcbernehmen keine Haftung bzw. Garantie, das die Inhalte und die Webseite immer Verf\u00fcgbar sind.<\/p>\n","protected":false},"excerpt":{"rendered":"<p>Betreiber und f\u00fcr den Inhalt verantwortlich: Friedrich Saurer Grillparzerstra\u00dfe 22 A-8230 Hartberg webmaster [at] sondereinsatz.com Haftungsausschluss &gt;&gt; Nutzungsbedingungen Haftung Die Betreiber und Autoren \u00fcbernehmen keinerlei Haftung f\u00fcr die Richtigkeit der Inhalte. Das korrekte Funktionieren der angebotenen Software und Downloads auf allen Systemen und Systemkonfigurationen. Der Download, die Installation und das Ben\u00fctzen von Software, Informationen usw. [&hellip;]<\/p>\n","protected":false},"author":1,"featured_media":0,"parent":0,"menu_order":0,"comment_status":"open","ping_status":"open","template":"","meta":[],"_links":{"self":[{"href":"http:\/\/www.sondereinsatz.com\/feuerwehr-rettungsdienst\/wp-json\/wp\/v2\/pages\/8"}],"collection":[{"href":"http:\/\/www.sondereinsatz.com\/feuerwehr-rettungsdienst\/wp-json\/wp\/v2\/pages"}],"about":[{"href":"http:\/\/www.sondereinsatz.com\/feuerwehr-rettungsdienst\/wp-json\/wp\/v2\/types\/page"}],"author":[{"embeddable":true,"href":"http:\/\/www.sondereinsatz.com\/feuerwehr-rettungsdienst\/wp-json\/wp\/v2\/users\/1"}],"replies":[{"embeddable":true,"href":"http:\/\/www.sondereinsatz.com\/feuerwehr-rettungsdienst\/wp-json\/wp\/v2\/comments?post=8"}],"version-history":[{"count":3,"href":"http:\/\/www.sondereinsatz.com\/feuerwehr-rettungsdienst\/wp-json\/wp\/v2\/pages\/8\/revisions"}],"predecessor-version":[{"id":155,"href":"http:\/\/www.sondereinsatz.com\/feuerwehr-rettungsdienst\/wp-json\/wp\/v2\/pages\/8\/revisions\/155"}],"wp:attachment":[{"href":"http:\/\/www.sondereinsatz.com\/feuerwehr-rettungsdienst\/wp-json\/wp\/v2\/media?parent=8"}],"curies":[{"name":"wp","href":"https:\/\/api.w.org\/{rel}","templated":true}]}}